{"id":1773,"date":"2025-05-25T11:59:41","date_gmt":"2025-05-25T09:59:41","guid":{"rendered":"https:\/\/refractorypartners.com\/?post_type=product&#038;p=1773"},"modified":"2026-03-05T13:27:12","modified_gmt":"2026-03-05T12:27:12","slug":"pieces-isolantes-moulees-sous-vide-superwool-ht-vf","status":"publish","type":"product","link":"https:\/\/refractorypartners.com\/fr\/produit\/pieces-isolantes-moulees-sous-vide-superwool-ht-vf\/","title":{"rendered":"Pi\u00e8ces isolantes moul\u00e9es sous vide &#8211; Superwool\u00ae HT VF"},"content":{"rendered":"<p>Superwool\u00ae Plus\u2122 VF est un isolant thermoform\u00e9 sous vide, compos\u00e9 d&rsquo;un m\u00e9lange de fibres Superwool\u00ae Plus\u2122, de charges r\u00e9fractaires et de liants organiques. Le thermoformage sous vide permet la production de diverses configurations, adapt\u00e9es \u00e0 chaque application, allant de sections simples (tubes, c\u00f4nes, formes plates) \u00e0 des formes complexes (chambres de combustion).<\/p>\n<p>Sa bonne coh\u00e9sion, sa haute temp\u00e9rature de fonctionnement et ses excellentes propri\u00e9t\u00e9s isolantes rendent Superwool\u00ae Plus\u2122 VF adapt\u00e9 \u00e0 de nombreuses applications. Superwool\u00ae Plus\u2122 Strong VF est obtenu par l&rsquo;ajout de charges r\u00e9fractaires s\u00e9lectionn\u00e9es afin d&rsquo;optimiser les propri\u00e9t\u00e9s m\u00e9caniques et la r\u00e9sistance \u00e0 l&rsquo;\u00e9rosion du produit final.<\/p>\n","protected":false},"excerpt":{"rendered":"<p><strong data-start=\"42\" data-end=\"181\">Vacuum-formed insulating shapes made from Superwool\u00ae Plus\u2122 fibres, offering high strength, thermal stability and custom configurations.<\/strong><br data-start=\"181\" data-end=\"184\" \/><strong data-start=\"184\" data-end=\"292\" data-is-last-node=\"\">The Strong VF version includes added fillers for enhanced mechanical performance and erosion resistance.<\/strong><\/p>\n","protected":false},"featured_media":1325,"comment_status":"closed","ping_status":"closed","template":"","meta":{"inline_featured_image":false},"product_brand":[],"product_cat":[],"product_tag":[],"class_list":{"0":"post-1773","1":"product","2":"type-product","3":"status-publish","4":"has-post-thumbnail","7":"first","8":"instock","9":"shipping-taxable","10":"product-type-simple"},"yoast_head":"<!-- This site is optimized with the Yoast SEO plugin v27.3 - https:\/\/yoast.com\/product\/yoast-seo-wordpress\/ -->\n<title>Pi\u00e8ces isolantes moul\u00e9es sous vide - Superwool\u00ae HT VF - Refractory Partners<\/title>\n<meta name=\"robots\" content=\"index, follow, max-snippet:-1, max-image-preview:large, max-video-preview:-1\" \/>\n<link rel=\"canonical\" href=\"https:\/\/refractorypartners.com\/fr\/produit\/pieces-isolantes-moulees-sous-vide-superwool-ht-vf\/\" \/>\n<meta property=\"og:locale\" content=\"fr_FR\" \/>\n<meta property=\"og:type\" content=\"article\" \/>\n<meta property=\"og:title\" content=\"Pi\u00e8ces isolantes moul\u00e9es sous vide - Superwool\u00ae HT VF - Refractory Partners\" \/>\n<meta property=\"og:description\" content=\"Vacuum-formed insulating shapes made from Superwool\u00ae Plus\u2122 fibres, offering high strength, thermal stability and custom configurations.The Strong VF version includes added fillers for enhanced mechanical performance and erosion resistance.\" \/>\n<meta property=\"og:url\" content=\"https:\/\/refractorypartners.com\/fr\/produit\/pieces-isolantes-moulees-sous-vide-superwool-ht-vf\/\" \/>\n<meta property=\"og:site_name\" content=\"Refractory Partners\" \/>\n<meta property=\"article:modified_time\" content=\"2026-03-05T12:27:12+00:00\" \/>\n<meta property=\"og:image\" content=\"https:\/\/refractorypartners.com\/wp-content\/uploads\/2025\/05\/vf-products.jpg\" \/>\n\t<meta property=\"og:image:width\" content=\"1920\" \/>\n\t<meta property=\"og:image:height\" content=\"1682\" \/>\n\t<meta property=\"og:image:type\" content=\"image\/jpeg\" \/>\n<meta name=\"twitter:card\" content=\"summary_large_image\" \/>\n<meta name=\"twitter:label1\" content=\"Dur\u00e9e de lecture estim\u00e9e\" \/>\n\t<meta name=\"twitter:data1\" content=\"1 minute\" \/>\n<script type=\"application\/ld+json\" class=\"yoast-schema-graph\">{\"@context\":\"https:\\\/\\\/schema.org\",\"@graph\":[{\"@type\":\"WebPage\",\"@id\":\"https:\\\/\\\/refractorypartners.com\\\/fr\\\/produit\\\/pieces-isolantes-moulees-sous-vide-superwool-ht-vf\\\/\",\"url\":\"https:\\\/\\\/refractorypartners.com\\\/fr\\\/produit\\\/pieces-isolantes-moulees-sous-vide-superwool-ht-vf\\\/\",\"name\":\"Pi\u00e8ces isolantes moul\u00e9es sous vide - Superwool\u00ae HT VF - Refractory Partners\",\"isPartOf\":{\"@id\":\"https:\\\/\\\/refractorypartners.com\\\/fr\\\/#website\"},\"primaryImageOfPage\":{\"@id\":\"https:\\\/\\\/refractorypartners.com\\\/fr\\\/produit\\\/pieces-isolantes-moulees-sous-vide-superwool-ht-vf\\\/#primaryimage\"},\"image\":{\"@id\":\"https:\\\/\\\/refractorypartners.com\\\/fr\\\/produit\\\/pieces-isolantes-moulees-sous-vide-superwool-ht-vf\\\/#primaryimage\"},\"thumbnailUrl\":\"https:\\\/\\\/refractorypartners.com\\\/wp-content\\\/uploads\\\/2025\\\/05\\\/vf-products.jpg\",\"datePublished\":\"2025-05-25T09:59:41+00:00\",\"dateModified\":\"2026-03-05T12:27:12+00:00\",\"breadcrumb\":{\"@id\":\"https:\\\/\\\/refractorypartners.com\\\/fr\\\/produit\\\/pieces-isolantes-moulees-sous-vide-superwool-ht-vf\\\/#breadcrumb\"},\"inLanguage\":\"fr-FR\",\"potentialAction\":[{\"@type\":\"ReadAction\",\"target\":[\"https:\\\/\\\/refractorypartners.com\\\/fr\\\/produit\\\/pieces-isolantes-moulees-sous-vide-superwool-ht-vf\\\/\"]}]},{\"@type\":\"ImageObject\",\"inLanguage\":\"fr-FR\",\"@id\":\"https:\\\/\\\/refractorypartners.com\\\/fr\\\/produit\\\/pieces-isolantes-moulees-sous-vide-superwool-ht-vf\\\/#primaryimage\",\"url\":\"https:\\\/\\\/refractorypartners.com\\\/wp-content\\\/uploads\\\/2025\\\/05\\\/vf-products.jpg\",\"contentUrl\":\"https:\\\/\\\/refractorypartners.com\\\/wp-content\\\/uploads\\\/2025\\\/05\\\/vf-products.jpg\",\"width\":1920,\"height\":1682},{\"@type\":\"BreadcrumbList\",\"@id\":\"https:\\\/\\\/refractorypartners.com\\\/fr\\\/produit\\\/pieces-isolantes-moulees-sous-vide-superwool-ht-vf\\\/#breadcrumb\",\"itemListElement\":[{\"@type\":\"ListItem\",\"position\":1,\"name\":\"Accueil\",\"item\":\"https:\\\/\\\/refractorypartners.com\\\/fr\\\/\"},{\"@type\":\"ListItem\",\"position\":2,\"name\":\"Boutique\",\"item\":\"https:\\\/\\\/refractorypartners.com\\\/fr\\\/boutique\\\/\"},{\"@type\":\"ListItem\",\"position\":3,\"name\":\"Pi\u00e8ces isolantes moul\u00e9es sous vide &#8211; Superwool\u00ae HT VF\"}]},{\"@type\":\"WebSite\",\"@id\":\"https:\\\/\\\/refractorypartners.com\\\/fr\\\/#website\",\"url\":\"https:\\\/\\\/refractorypartners.com\\\/fr\\\/\",\"name\":\"Refractory Partners\",\"description\":\"High-temperature refractories &amp; thermal insulation\",\"publisher\":{\"@id\":\"https:\\\/\\\/refractorypartners.com\\\/fr\\\/#organization\"},\"potentialAction\":[{\"@type\":\"SearchAction\",\"target\":{\"@type\":\"EntryPoint\",\"urlTemplate\":\"https:\\\/\\\/refractorypartners.com\\\/fr\\\/?s={search_term_string}\"},\"query-input\":{\"@type\":\"PropertyValueSpecification\",\"valueRequired\":true,\"valueName\":\"search_term_string\"}}],\"inLanguage\":\"fr-FR\"},{\"@type\":\"Organization\",\"@id\":\"https:\\\/\\\/refractorypartners.com\\\/fr\\\/#organization\",\"name\":\"Refractory Partners\",\"url\":\"https:\\\/\\\/refractorypartners.com\\\/fr\\\/\",\"logo\":{\"@type\":\"ImageObject\",\"inLanguage\":\"fr-FR\",\"@id\":\"https:\\\/\\\/refractorypartners.com\\\/fr\\\/#\\\/schema\\\/logo\\\/image\\\/\",\"url\":\"https:\\\/\\\/refractorypartners.com\\\/wp-content\\\/uploads\\\/2025\\\/05\\\/logo.svg\",\"contentUrl\":\"https:\\\/\\\/refractorypartners.com\\\/wp-content\\\/uploads\\\/2025\\\/05\\\/logo.svg\",\"width\":2500,\"height\":711,\"caption\":\"Refractory Partners\"},\"image\":{\"@id\":\"https:\\\/\\\/refractorypartners.com\\\/fr\\\/#\\\/schema\\\/logo\\\/image\\\/\"}}]}<\/script>\n<!-- \/ Yoast SEO plugin. -->","yoast_head_json":{"title":"Pi\u00e8ces isolantes moul\u00e9es sous vide - Superwool\u00ae HT VF - Refractory Partners","robots":{"index":"index","follow":"follow","max-snippet":"max-snippet:-1","max-image-preview":"max-image-preview:large","max-video-preview":"max-video-preview:-1"},"canonical":"https:\/\/refractorypartners.com\/fr\/produit\/pieces-isolantes-moulees-sous-vide-superwool-ht-vf\/","og_locale":"fr_FR","og_type":"article","og_title":"Pi\u00e8ces isolantes moul\u00e9es sous vide - Superwool\u00ae HT VF - Refractory Partners","og_description":"Vacuum-formed insulating shapes made from Superwool\u00ae Plus\u2122 fibres, offering high strength, thermal stability and custom configurations.The Strong VF version includes added fillers for enhanced mechanical performance and erosion resistance.","og_url":"https:\/\/refractorypartners.com\/fr\/produit\/pieces-isolantes-moulees-sous-vide-superwool-ht-vf\/","og_site_name":"Refractory Partners","article_modified_time":"2026-03-05T12:27:12+00:00","og_image":[{"width":1920,"height":1682,"url":"https:\/\/refractorypartners.com\/wp-content\/uploads\/2025\/05\/vf-products.jpg","type":"image\/jpeg"}],"twitter_card":"summary_large_image","twitter_misc":{"Dur\u00e9e de lecture estim\u00e9e":"1 minute"},"schema":{"@context":"https:\/\/schema.org","@graph":[{"@type":"WebPage","@id":"https:\/\/refractorypartners.com\/fr\/produit\/pieces-isolantes-moulees-sous-vide-superwool-ht-vf\/","url":"https:\/\/refractorypartners.com\/fr\/produit\/pieces-isolantes-moulees-sous-vide-superwool-ht-vf\/","name":"Pi\u00e8ces isolantes moul\u00e9es sous vide - Superwool\u00ae HT VF - Refractory Partners","isPartOf":{"@id":"https:\/\/refractorypartners.com\/fr\/#website"},"primaryImageOfPage":{"@id":"https:\/\/refractorypartners.com\/fr\/produit\/pieces-isolantes-moulees-sous-vide-superwool-ht-vf\/#primaryimage"},"image":{"@id":"https:\/\/refractorypartners.com\/fr\/produit\/pieces-isolantes-moulees-sous-vide-superwool-ht-vf\/#primaryimage"},"thumbnailUrl":"https:\/\/refractorypartners.com\/wp-content\/uploads\/2025\/05\/vf-products.jpg","datePublished":"2025-05-25T09:59:41+00:00","dateModified":"2026-03-05T12:27:12+00:00","breadcrumb":{"@id":"https:\/\/refractorypartners.com\/fr\/produit\/pieces-isolantes-moulees-sous-vide-superwool-ht-vf\/#breadcrumb"},"inLanguage":"fr-FR","potentialAction":[{"@type":"ReadAction","target":["https:\/\/refractorypartners.com\/fr\/produit\/pieces-isolantes-moulees-sous-vide-superwool-ht-vf\/"]}]},{"@type":"ImageObject","inLanguage":"fr-FR","@id":"https:\/\/refractorypartners.com\/fr\/produit\/pieces-isolantes-moulees-sous-vide-superwool-ht-vf\/#primaryimage","url":"https:\/\/refractorypartners.com\/wp-content\/uploads\/2025\/05\/vf-products.jpg","contentUrl":"https:\/\/refractorypartners.com\/wp-content\/uploads\/2025\/05\/vf-products.jpg","width":1920,"height":1682},{"@type":"BreadcrumbList","@id":"https:\/\/refractorypartners.com\/fr\/produit\/pieces-isolantes-moulees-sous-vide-superwool-ht-vf\/#breadcrumb","itemListElement":[{"@type":"ListItem","position":1,"name":"Accueil","item":"https:\/\/refractorypartners.com\/fr\/"},{"@type":"ListItem","position":2,"name":"Boutique","item":"https:\/\/refractorypartners.com\/fr\/boutique\/"},{"@type":"ListItem","position":3,"name":"Pi\u00e8ces isolantes moul\u00e9es sous vide &#8211; Superwool\u00ae HT VF"}]},{"@type":"WebSite","@id":"https:\/\/refractorypartners.com\/fr\/#website","url":"https:\/\/refractorypartners.com\/fr\/","name":"Refractory Partners","description":"High-temperature refractories &amp; thermal insulation","publisher":{"@id":"https:\/\/refractorypartners.com\/fr\/#organization"},"potentialAction":[{"@type":"SearchAction","target":{"@type":"EntryPoint","urlTemplate":"https:\/\/refractorypartners.com\/fr\/?s={search_term_string}"},"query-input":{"@type":"PropertyValueSpecification","valueRequired":true,"valueName":"search_term_string"}}],"inLanguage":"fr-FR"},{"@type":"Organization","@id":"https:\/\/refractorypartners.com\/fr\/#organization","name":"Refractory Partners","url":"https:\/\/refractorypartners.com\/fr\/","logo":{"@type":"ImageObject","inLanguage":"fr-FR","@id":"https:\/\/refractorypartners.com\/fr\/#\/schema\/logo\/image\/","url":"https:\/\/refractorypartners.com\/wp-content\/uploads\/2025\/05\/logo.svg","contentUrl":"https:\/\/refractorypartners.com\/wp-content\/uploads\/2025\/05\/logo.svg","width":2500,"height":711,"caption":"Refractory Partners"},"image":{"@id":"https:\/\/refractorypartners.com\/fr\/#\/schema\/logo\/image\/"}}]}},"_links":{"self":[{"href":"https:\/\/refractorypartners.com\/fr\/wp-json\/wp\/v2\/product\/1773","targetHints":{"allow":["GET"]}}],"collection":[{"href":"https:\/\/refractorypartners.com\/fr\/wp-json\/wp\/v2\/product"}],"about":[{"href":"https:\/\/refractorypartners.com\/fr\/wp-json\/wp\/v2\/types\/product"}],"replies":[{"embeddable":true,"href":"https:\/\/refractorypartners.com\/fr\/wp-json\/wp\/v2\/comments?post=1773"}],"wp:featuredmedia":[{"embeddable":true,"href":"https:\/\/refractorypartners.com\/fr\/wp-json\/wp\/v2\/media\/1325"}],"wp:attachment":[{"href":"https:\/\/refractorypartners.com\/fr\/wp-json\/wp\/v2\/media?parent=1773"}],"wp:term":[{"taxonomy":"product_brand","embeddable":true,"href":"https:\/\/refractorypartners.com\/fr\/wp-json\/wp\/v2\/product_brand?post=1773"},{"taxonomy":"product_cat","embeddable":true,"href":"https:\/\/refractorypartners.com\/fr\/wp-json\/wp\/v2\/product_cat?post=1773"},{"taxonomy":"product_tag","embeddable":true,"href":"https:\/\/refractorypartners.com\/fr\/wp-json\/wp\/v2\/product_tag?post=1773"}],"curies":[{"name":"wp","href":"https:\/\/api.w.org\/{rel}","templated":true}]}}